{"id":40201,"date":"2024-09-23T17:47:06","date_gmt":"2024-09-23T16:47:06","guid":{"rendered":"https:\/\/mercia-academy.ch\/product\/brouillon-auto-150\/"},"modified":"2025-09-26T18:25:01","modified_gmt":"2025-09-26T17:25:01","slug":"brouillon-auto-150","status":"publish","type":"product","link":"https:\/\/mercia-academy.ch\/en\/product\/brouillon-auto-150\/","title":{"rendered":"Pratique et videos &#8211; L&#8217;influence des \u00e9nergies sur votre vie &#8211; Module 1 et 2 &#8211; immersion en Mont\u00e9g\u00e9rie &#8211; 22-23-24 novembre avec Walter et Am\u00e9lia"},"content":{"rendered":"","protected":false},"excerpt":{"rendered":"","protected":false},"featured_media":0,"template":"","meta":[],"product_brand":[],"product_cat":[75],"product_tag":[],"class_list":{"0":"post-40201","1":"product","2":"type-product","3":"status-publish","5":"product_cat-uncategorized","7":"first","8":"instock","9":"sold-individually","10":"taxable","11":"shipping-taxable","12":"purchasable","13":"product-type-simple"},"_links":{"self":[{"href":"https:\/\/mercia-academy.ch\/en\/wp-json\/wp\/v2\/product\/40201","targetHints":{"allow":["GET"]}}],"collection":[{"href":"https:\/\/mercia-academy.ch\/en\/wp-json\/wp\/v2\/product"}],"about":[{"href":"https:\/\/mercia-academy.ch\/en\/wp-json\/wp\/v2\/types\/product"}],"wp:attachment":[{"href":"https:\/\/mercia-academy.ch\/en\/wp-json\/wp\/v2\/media?parent=40201"}],"wp:term":[{"taxonomy":"product_brand","embeddable":true,"href":"https:\/\/mercia-academy.ch\/en\/wp-json\/wp\/v2\/product_brand?post=40201"},{"taxonomy":"product_cat","embeddable":true,"href":"https:\/\/mercia-academy.ch\/en\/wp-json\/wp\/v2\/product_cat?post=40201"},{"taxonomy":"product_tag","embeddable":true,"href":"https:\/\/mercia-academy.ch\/en\/wp-json\/wp\/v2\/product_tag?post=40201"}],"curies":[{"name":"wp","href":"https:\/\/api.w.org\/{rel}","templated":true}]}}