{"id":37910,"date":"2024-03-23T14:31:02","date_gmt":"2024-03-23T13:31:02","guid":{"rendered":"https:\/\/mercia-academy.ch\/product\/brouillon-auto-94\/"},"modified":"2025-09-26T18:04:30","modified_gmt":"2025-09-26T17:04:30","slug":"brouillon-auto-94","status":"publish","type":"product","link":"https:\/\/mercia-academy.ch\/en\/product\/brouillon-auto-94\/","title":{"rendered":"S\u00e9minaire Lois Universelles &#038; Grandes Traditions &#8211; formule week-end &#8211; avec Am\u00e9lia &#8211; Qu\u00e9bec"},"content":{"rendered":"","protected":false},"excerpt":{"rendered":"","protected":false},"featured_media":0,"template":"","meta":[],"product_brand":[],"product_cat":[75],"product_tag":[],"class_list":{"0":"post-37910","1":"product","2":"type-product","3":"status-publish","5":"product_cat-uncategorized","7":"first","8":"instock","9":"sold-individually","10":"taxable","11":"shipping-taxable","12":"purchasable","13":"product-type-simple"},"_links":{"self":[{"href":"https:\/\/mercia-academy.ch\/en\/wp-json\/wp\/v2\/product\/37910","targetHints":{"allow":["GET"]}}],"collection":[{"href":"https:\/\/mercia-academy.ch\/en\/wp-json\/wp\/v2\/product"}],"about":[{"href":"https:\/\/mercia-academy.ch\/en\/wp-json\/wp\/v2\/types\/product"}],"wp:attachment":[{"href":"https:\/\/mercia-academy.ch\/en\/wp-json\/wp\/v2\/media?parent=37910"}],"wp:term":[{"taxonomy":"product_brand","embeddable":true,"href":"https:\/\/mercia-academy.ch\/en\/wp-json\/wp\/v2\/product_brand?post=37910"},{"taxonomy":"product_cat","embeddable":true,"href":"https:\/\/mercia-academy.ch\/en\/wp-json\/wp\/v2\/product_cat?post=37910"},{"taxonomy":"product_tag","embeddable":true,"href":"https:\/\/mercia-academy.ch\/en\/wp-json\/wp\/v2\/product_tag?post=37910"}],"curies":[{"name":"wp","href":"https:\/\/api.w.org\/{rel}","templated":true}]}}