{"id":36682,"date":"2023-12-17T21:01:13","date_gmt":"2023-12-17T20:01:13","guid":{"rendered":"https:\/\/mercia-academy.ch\/product\/brouillon-auto-62\/"},"modified":"2025-09-26T17:50:54","modified_gmt":"2025-09-26T16:50:54","slug":"brouillon-auto-62","status":"publish","type":"product","link":"https:\/\/mercia-academy.ch\/en\/product\/brouillon-auto-62\/","title":{"rendered":"Pratique et Vid\u00e9os &#8211; L&#8217;influence des \u00c9nergies sur votre Vie &#8211; Module 2- Am\u00e9lia et Walter &#8211; Qu\u00e9bec"},"content":{"rendered":"","protected":false},"excerpt":{"rendered":"","protected":false},"featured_media":0,"template":"","meta":[],"product_brand":[],"product_cat":[75],"product_tag":[],"class_list":{"0":"post-36682","1":"product","2":"type-product","3":"status-publish","5":"product_cat-uncategorized","7":"first","8":"instock","9":"sold-individually","10":"taxable","11":"shipping-taxable","12":"purchasable","13":"product-type-simple"},"_links":{"self":[{"href":"https:\/\/mercia-academy.ch\/en\/wp-json\/wp\/v2\/product\/36682","targetHints":{"allow":["GET"]}}],"collection":[{"href":"https:\/\/mercia-academy.ch\/en\/wp-json\/wp\/v2\/product"}],"about":[{"href":"https:\/\/mercia-academy.ch\/en\/wp-json\/wp\/v2\/types\/product"}],"wp:attachment":[{"href":"https:\/\/mercia-academy.ch\/en\/wp-json\/wp\/v2\/media?parent=36682"}],"wp:term":[{"taxonomy":"product_brand","embeddable":true,"href":"https:\/\/mercia-academy.ch\/en\/wp-json\/wp\/v2\/product_brand?post=36682"},{"taxonomy":"product_cat","embeddable":true,"href":"https:\/\/mercia-academy.ch\/en\/wp-json\/wp\/v2\/product_cat?post=36682"},{"taxonomy":"product_tag","embeddable":true,"href":"https:\/\/mercia-academy.ch\/en\/wp-json\/wp\/v2\/product_tag?post=36682"}],"curies":[{"name":"wp","href":"https:\/\/api.w.org\/{rel}","templated":true}]}}