{"id":35640,"date":"2023-12-01T10:52:02","date_gmt":"2023-12-01T09:52:02","guid":{"rendered":"https:\/\/mercia-academy.ch\/product\/calendario-2024-modulo1-modulo2-on-line-practicas-de-ciencias-energeticas-con-amparo-palacios-ruales\/"},"modified":"2024-02-07T14:54:42","modified_gmt":"2024-02-07T13:54:42","slug":"calendario-2024-modulo1-modulo2-on-line-practicas-de-ciencias-energeticas-con-amparo-palacios-ruales","status":"publish","type":"product","link":"https:\/\/mercia-academy.ch\/en\/product\/calendario-2024-modulo1-modulo2-on-line-practicas-de-ciencias-energeticas-con-amparo-palacios-ruales\/","title":{"rendered":"CALENDARIO 2024: M\u00f3dulo1+ M\u00f3dulo2 ON-LINE Pr\u00e1cticas de Ciencias Energ\u00e9ticas \u2013 con Amparo Palacios Ruales"},"content":{"rendered":"","protected":false},"excerpt":{"rendered":"","protected":false},"featured_media":33411,"template":"","meta":[],"product_brand":[],"product_cat":[75],"product_tag":[],"class_list":{"0":"post-35640","1":"product","2":"type-product","3":"status-publish","4":"has-post-thumbnail","6":"product_cat-uncategorized","8":"first","9":"instock","10":"virtual","11":"sold-individually","12":"taxable","13":"purchasable","14":"product-type-simple"},"_links":{"self":[{"href":"https:\/\/mercia-academy.ch\/en\/wp-json\/wp\/v2\/product\/35640","targetHints":{"allow":["GET"]}}],"collection":[{"href":"https:\/\/mercia-academy.ch\/en\/wp-json\/wp\/v2\/product"}],"about":[{"href":"https:\/\/mercia-academy.ch\/en\/wp-json\/wp\/v2\/types\/product"}],"wp:featuredmedia":[{"embeddable":true,"href":"https:\/\/mercia-academy.ch\/en\/wp-json\/wp\/v2\/media\/33411"}],"wp:attachment":[{"href":"https:\/\/mercia-academy.ch\/en\/wp-json\/wp\/v2\/media?parent=35640"}],"wp:term":[{"taxonomy":"product_brand","embeddable":true,"href":"https:\/\/mercia-academy.ch\/en\/wp-json\/wp\/v2\/product_brand?post=35640"},{"taxonomy":"product_cat","embeddable":true,"href":"https:\/\/mercia-academy.ch\/en\/wp-json\/wp\/v2\/product_cat?post=35640"},{"taxonomy":"product_tag","embeddable":true,"href":"https:\/\/mercia-academy.ch\/en\/wp-json\/wp\/v2\/product_tag?post=35640"}],"curies":[{"name":"wp","href":"https:\/\/api.w.org\/{rel}","templated":true}]}}