{"id":31414,"date":"2023-04-04T21:17:57","date_gmt":"2023-04-04T20:17:57","guid":{"rendered":"https:\/\/mercia-academy.ch\/product\/ciclo-de-talleres-on-line-los-domingos-20h-peninsula-19h-canarias-proximo-16-de-abril-practicas-de-ciencias-energeticas-con-marien\/"},"modified":"2023-04-05T17:42:30","modified_gmt":"2023-04-05T16:42:30","slug":"ciclo-de-talleres-on-line-los-domingos-20h-peninsula-19h-canarias-proximo-16-de-abril-practicas-de-ciencias-energeticas-con-marien","status":"publish","type":"product","link":"https:\/\/mercia-academy.ch\/en\/product\/ciclo-de-talleres-on-line-los-domingos-20h-peninsula-19h-canarias-proximo-16-de-abril-practicas-de-ciencias-energeticas-con-marien\/","title":{"rendered":"Ciclo de talleres on line los domingos, 20h pen\u00ednsula\/19h Canarias. Pr\u00f3ximo: 16 de abril &#8220;Pr\u00e1cticas de Ciencias Energ\u00e9ticas&#8221; con Mari\u00e9n"},"content":{"rendered":"","protected":false},"excerpt":{"rendered":"","protected":false},"featured_media":0,"template":"","meta":[],"product_brand":[],"product_cat":[75],"product_tag":[],"class_list":{"0":"post-31414","1":"product","2":"type-product","3":"status-publish","5":"product_cat-uncategorized","7":"first","8":"instock","9":"virtual","10":"sold-individually","11":"taxable","12":"purchasable","13":"product-type-simple"},"_links":{"self":[{"href":"https:\/\/mercia-academy.ch\/en\/wp-json\/wp\/v2\/product\/31414","targetHints":{"allow":["GET"]}}],"collection":[{"href":"https:\/\/mercia-academy.ch\/en\/wp-json\/wp\/v2\/product"}],"about":[{"href":"https:\/\/mercia-academy.ch\/en\/wp-json\/wp\/v2\/types\/product"}],"wp:attachment":[{"href":"https:\/\/mercia-academy.ch\/en\/wp-json\/wp\/v2\/media?parent=31414"}],"wp:term":[{"taxonomy":"product_brand","embeddable":true,"href":"https:\/\/mercia-academy.ch\/en\/wp-json\/wp\/v2\/product_brand?post=31414"},{"taxonomy":"product_cat","embeddable":true,"href":"https:\/\/mercia-academy.ch\/en\/wp-json\/wp\/v2\/product_cat?post=31414"},{"taxonomy":"product_tag","embeddable":true,"href":"https:\/\/mercia-academy.ch\/en\/wp-json\/wp\/v2\/product_tag?post=31414"}],"curies":[{"name":"wp","href":"https:\/\/api.w.org\/{rel}","templated":true}]}}