{"id":31142,"date":"2023-03-09T10:26:15","date_gmt":"2023-03-09T09:26:15","guid":{"rendered":"https:\/\/mercia-academy.ch\/product\/arkedance-module-a-partir-du-samedi-8-avril-2023-avec-remy-migan-en-presentiel-a-cotonou\/"},"modified":"2023-04-05T17:59:36","modified_gmt":"2023-04-05T16:59:36","slug":"arkedance-module-a-partir-du-samedi-8-avril-2023-avec-remy-migan-en-presentiel-a-cotonou","status":"publish","type":"product","link":"https:\/\/mercia-academy.ch\/en\/product\/arkedance-module-a-partir-du-samedi-8-avril-2023-avec-remy-migan-en-presentiel-a-cotonou\/","title":{"rendered":"ARKEDANCE -MODULE \u00e0 partir du samedi 8 Avril 2023 avec R\u00e9my Migan en pr\u00e9sentiel \u00e0 Cotonou"},"content":{"rendered":"","protected":false},"excerpt":{"rendered":"","protected":false},"featured_media":22482,"template":"","meta":[],"product_brand":[],"product_cat":[75],"product_tag":[],"class_list":{"0":"post-31142","1":"product","2":"type-product","3":"status-publish","4":"has-post-thumbnail","6":"product_cat-uncategorized","8":"first","9":"instock","10":"virtual","11":"sold-individually","12":"taxable","13":"purchasable","14":"product-type-simple"},"_links":{"self":[{"href":"https:\/\/mercia-academy.ch\/en\/wp-json\/wp\/v2\/product\/31142","targetHints":{"allow":["GET"]}}],"collection":[{"href":"https:\/\/mercia-academy.ch\/en\/wp-json\/wp\/v2\/product"}],"about":[{"href":"https:\/\/mercia-academy.ch\/en\/wp-json\/wp\/v2\/types\/product"}],"wp:featuredmedia":[{"embeddable":true,"href":"https:\/\/mercia-academy.ch\/en\/wp-json\/wp\/v2\/media\/22482"}],"wp:attachment":[{"href":"https:\/\/mercia-academy.ch\/en\/wp-json\/wp\/v2\/media?parent=31142"}],"wp:term":[{"taxonomy":"product_brand","embeddable":true,"href":"https:\/\/mercia-academy.ch\/en\/wp-json\/wp\/v2\/product_brand?post=31142"},{"taxonomy":"product_cat","embeddable":true,"href":"https:\/\/mercia-academy.ch\/en\/wp-json\/wp\/v2\/product_cat?post=31142"},{"taxonomy":"product_tag","embeddable":true,"href":"https:\/\/mercia-academy.ch\/en\/wp-json\/wp\/v2\/product_tag?post=31142"}],"curies":[{"name":"wp","href":"https:\/\/api.w.org\/{rel}","templated":true}]}}