{"id":31026,"date":"2023-03-03T11:01:18","date_gmt":"2023-03-03T10:01:18","guid":{"rendered":"https:\/\/mercia-academy.ch\/product\/ciencias-energeticas-modulo-1-vincent-y-valentina-sabado-25-mars-sabados-1-15-22-abril-sabado-6-mayo-10hs-a-1130hs\/"},"modified":"2023-03-03T14:33:10","modified_gmt":"2023-03-03T13:33:10","slug":"ciencias-energeticas-modulo-1-vincent-y-valentina-sabado-25-mars-sabados-1-15-22-abril-sabado-6-mayo-10hs-a-1130hs","status":"publish","type":"product","link":"https:\/\/mercia-academy.ch\/en\/product\/ciencias-energeticas-modulo-1-vincent-y-valentina-sabado-25-mars-sabados-1-15-22-abril-sabado-6-mayo-10hs-a-1130hs\/","title":{"rendered":"Ciencias Energ\u00e9ticas M\u00f3dulo 1 &#8211; Vincent y Valentina S\u00e1bado 25 mars, s\u00e1bados 1, 15, 22 abril, s\u00e1bado 6 mayo &#8211; 10hs a 11:30hs"},"content":{"rendered":"","protected":false},"excerpt":{"rendered":"","protected":false},"featured_media":0,"template":"","meta":[],"product_brand":[],"product_cat":[75],"product_tag":[],"class_list":{"0":"post-31026","1":"product","2":"type-product","3":"status-publish","5":"product_cat-uncategorized","7":"first","8":"instock","9":"virtual","10":"sold-individually","11":"taxable","12":"purchasable","13":"product-type-simple"},"_links":{"self":[{"href":"https:\/\/mercia-academy.ch\/en\/wp-json\/wp\/v2\/product\/31026","targetHints":{"allow":["GET"]}}],"collection":[{"href":"https:\/\/mercia-academy.ch\/en\/wp-json\/wp\/v2\/product"}],"about":[{"href":"https:\/\/mercia-academy.ch\/en\/wp-json\/wp\/v2\/types\/product"}],"wp:attachment":[{"href":"https:\/\/mercia-academy.ch\/en\/wp-json\/wp\/v2\/media?parent=31026"}],"wp:term":[{"taxonomy":"product_brand","embeddable":true,"href":"https:\/\/mercia-academy.ch\/en\/wp-json\/wp\/v2\/product_brand?post=31026"},{"taxonomy":"product_cat","embeddable":true,"href":"https:\/\/mercia-academy.ch\/en\/wp-json\/wp\/v2\/product_cat?post=31026"},{"taxonomy":"product_tag","embeddable":true,"href":"https:\/\/mercia-academy.ch\/en\/wp-json\/wp\/v2\/product_tag?post=31026"}],"curies":[{"name":"wp","href":"https:\/\/api.w.org\/{rel}","templated":true}]}}