{"id":27933,"date":"2022-10-14T13:01:14","date_gmt":"2022-10-14T12:01:14","guid":{"rendered":"https:\/\/mercia-academy.ch\/product\/taller-de-telurologia-analisis-astro-telurologico-de-los-eclipses-del-proximo-25-octubre-y-del-8-noviembre-2022\/"},"modified":"2022-10-14T15:28:42","modified_gmt":"2022-10-14T14:28:42","slug":"taller-de-telurologia-analisis-astro-telurologico-de-los-eclipses-del-proximo-25-octubre-y-del-8-noviembre-2022","status":"publish","type":"product","link":"https:\/\/mercia-academy.ch\/en\/product\/taller-de-telurologia-analisis-astro-telurologico-de-los-eclipses-del-proximo-25-octubre-y-del-8-noviembre-2022\/","title":{"rendered":"Taller de Telurolog\u00eda: An\u00e1lisis astro-telurol\u00f3gico de los eclipses del pr\u00f3ximo 25 octubre y del 8 noviembre 2022"},"content":{"rendered":"","protected":false},"excerpt":{"rendered":"","protected":false},"featured_media":0,"template":"","meta":[],"product_brand":[],"product_cat":[75],"product_tag":[],"class_list":{"0":"post-27933","1":"product","2":"type-product","3":"status-publish","5":"product_cat-uncategorized","7":"first","8":"instock","9":"virtual","10":"sold-individually","11":"taxable","12":"purchasable","13":"product-type-simple"},"_links":{"self":[{"href":"https:\/\/mercia-academy.ch\/en\/wp-json\/wp\/v2\/product\/27933","targetHints":{"allow":["GET"]}}],"collection":[{"href":"https:\/\/mercia-academy.ch\/en\/wp-json\/wp\/v2\/product"}],"about":[{"href":"https:\/\/mercia-academy.ch\/en\/wp-json\/wp\/v2\/types\/product"}],"wp:attachment":[{"href":"https:\/\/mercia-academy.ch\/en\/wp-json\/wp\/v2\/media?parent=27933"}],"wp:term":[{"taxonomy":"product_brand","embeddable":true,"href":"https:\/\/mercia-academy.ch\/en\/wp-json\/wp\/v2\/product_brand?post=27933"},{"taxonomy":"product_cat","embeddable":true,"href":"https:\/\/mercia-academy.ch\/en\/wp-json\/wp\/v2\/product_cat?post=27933"},{"taxonomy":"product_tag","embeddable":true,"href":"https:\/\/mercia-academy.ch\/en\/wp-json\/wp\/v2\/product_tag?post=27933"}],"curies":[{"name":"wp","href":"https:\/\/api.w.org\/{rel}","templated":true}]}}