{"id":26018,"date":"2022-09-14T13:45:58","date_gmt":"2022-09-14T12:45:58","guid":{"rendered":"https:\/\/mercia-academy.ch\/product\/videos-modulo-1-modulo-introductorio-libro-de-las-leyes-universales-y-grandes-tradiciones\/"},"modified":"2022-09-14T13:45:59","modified_gmt":"2022-09-14T12:45:59","slug":"videos-modulo-1-modulo-introductorio-libro-de-las-leyes-universales-y-grandes-tradiciones","status":"publish","type":"product","link":"https:\/\/mercia-academy.ch\/en\/product\/videos-modulo-1-modulo-introductorio-libro-de-las-leyes-universales-y-grandes-tradiciones\/","title":{"rendered":"V\u00eddeos M\u00f3dulo 1-M\u00f3dulo introductorio Libro de las Leyes Universales y Grandes Tradiciones"},"content":{"rendered":"","protected":false},"excerpt":{"rendered":"","protected":false},"featured_media":0,"template":"","meta":[],"product_brand":[],"product_cat":[75],"product_tag":[],"class_list":{"0":"post-26018","1":"product","2":"type-product","3":"status-publish","5":"product_cat-uncategorized","7":"first","8":"instock","9":"virtual","10":"sold-individually","11":"taxable","12":"purchasable","13":"product-type-simple"},"_links":{"self":[{"href":"https:\/\/mercia-academy.ch\/en\/wp-json\/wp\/v2\/product\/26018","targetHints":{"allow":["GET"]}}],"collection":[{"href":"https:\/\/mercia-academy.ch\/en\/wp-json\/wp\/v2\/product"}],"about":[{"href":"https:\/\/mercia-academy.ch\/en\/wp-json\/wp\/v2\/types\/product"}],"wp:attachment":[{"href":"https:\/\/mercia-academy.ch\/en\/wp-json\/wp\/v2\/media?parent=26018"}],"wp:term":[{"taxonomy":"product_brand","embeddable":true,"href":"https:\/\/mercia-academy.ch\/en\/wp-json\/wp\/v2\/product_brand?post=26018"},{"taxonomy":"product_cat","embeddable":true,"href":"https:\/\/mercia-academy.ch\/en\/wp-json\/wp\/v2\/product_cat?post=26018"},{"taxonomy":"product_tag","embeddable":true,"href":"https:\/\/mercia-academy.ch\/en\/wp-json\/wp\/v2\/product_tag?post=26018"}],"curies":[{"name":"wp","href":"https:\/\/api.w.org\/{rel}","templated":true}]}}