{"id":25138,"date":"2022-08-25T08:36:36","date_gmt":"2022-08-25T07:36:36","guid":{"rendered":"https:\/\/mercia-academy.ch\/product\/taller-telurologia-analisis-de-la-configuracion-astro-telurologica-del-equinoccio-otono-primavera-del-23-septiembre-2022\/"},"modified":"2023-11-28T12:00:18","modified_gmt":"2023-11-28T11:00:18","slug":"taller-telurologia-analisis-de-la-configuracion-astro-telurologica-del-equinoccio-otono-primavera-del-23-septiembre-2022","status":"publish","type":"product","link":"https:\/\/mercia-academy.ch\/en\/product\/taller-telurologia-analisis-de-la-configuracion-astro-telurologica-del-equinoccio-otono-primavera-del-23-septiembre-2022\/","title":{"rendered":"Taller Telurolog\u00eda: An\u00e1lisis de la configuraci\u00f3n astro-telurol\u00f3gica del equinoccio oto\u00f1o\/primavera del 23 septiembre 2022"},"content":{"rendered":"","protected":false},"excerpt":{"rendered":"","protected":false},"featured_media":25132,"template":"","meta":[],"product_brand":[],"product_cat":[75],"product_tag":[],"class_list":{"0":"post-25138","1":"product","2":"type-product","3":"status-publish","4":"has-post-thumbnail","6":"product_cat-uncategorized","8":"first","9":"instock","10":"virtual","11":"sold-individually","12":"taxable","13":"purchasable","14":"product-type-simple"},"_links":{"self":[{"href":"https:\/\/mercia-academy.ch\/en\/wp-json\/wp\/v2\/product\/25138","targetHints":{"allow":["GET"]}}],"collection":[{"href":"https:\/\/mercia-academy.ch\/en\/wp-json\/wp\/v2\/product"}],"about":[{"href":"https:\/\/mercia-academy.ch\/en\/wp-json\/wp\/v2\/types\/product"}],"wp:featuredmedia":[{"embeddable":true,"href":"https:\/\/mercia-academy.ch\/en\/wp-json\/wp\/v2\/media\/25132"}],"wp:attachment":[{"href":"https:\/\/mercia-academy.ch\/en\/wp-json\/wp\/v2\/media?parent=25138"}],"wp:term":[{"taxonomy":"product_brand","embeddable":true,"href":"https:\/\/mercia-academy.ch\/en\/wp-json\/wp\/v2\/product_brand?post=25138"},{"taxonomy":"product_cat","embeddable":true,"href":"https:\/\/mercia-academy.ch\/en\/wp-json\/wp\/v2\/product_cat?post=25138"},{"taxonomy":"product_tag","embeddable":true,"href":"https:\/\/mercia-academy.ch\/en\/wp-json\/wp\/v2\/product_tag?post=25138"}],"curies":[{"name":"wp","href":"https:\/\/api.w.org\/{rel}","templated":true}]}}