{"id":16503,"date":"2022-02-12T02:18:56","date_gmt":"2022-02-12T01:18:56","guid":{"rendered":"https:\/\/mercia-academy.ch\/product\/sciences-et-energies-seance-decouverte-avec-amelia-lopez-et-walter-muller\/"},"modified":"2022-02-17T02:50:02","modified_gmt":"2022-02-17T01:50:02","slug":"sciences-et-energies-seance-decouverte-avec-amelia-lopez-et-walter-muller","status":"publish","type":"product","link":"https:\/\/mercia-academy.ch\/en\/product\/sciences-et-energies-seance-decouverte-avec-amelia-lopez-et-walter-muller\/","title":{"rendered":"Sciences et \u00c9nergies | S\u00e9ance d\u00e9couverte avec Amelia Lopez et Walter Muller"},"content":{"rendered":"","protected":false},"excerpt":{"rendered":"","protected":false},"featured_media":0,"template":"","meta":[],"product_brand":[],"product_cat":[75],"product_tag":[],"class_list":{"0":"post-16503","1":"product","2":"type-product","3":"status-publish","5":"product_cat-uncategorized","7":"first","8":"instock","9":"virtual","10":"sold-individually","11":"taxable","12":"purchasable","13":"product-type-simple"},"_links":{"self":[{"href":"https:\/\/mercia-academy.ch\/en\/wp-json\/wp\/v2\/product\/16503","targetHints":{"allow":["GET"]}}],"collection":[{"href":"https:\/\/mercia-academy.ch\/en\/wp-json\/wp\/v2\/product"}],"about":[{"href":"https:\/\/mercia-academy.ch\/en\/wp-json\/wp\/v2\/types\/product"}],"wp:attachment":[{"href":"https:\/\/mercia-academy.ch\/en\/wp-json\/wp\/v2\/media?parent=16503"}],"wp:term":[{"taxonomy":"product_brand","embeddable":true,"href":"https:\/\/mercia-academy.ch\/en\/wp-json\/wp\/v2\/product_brand?post=16503"},{"taxonomy":"product_cat","embeddable":true,"href":"https:\/\/mercia-academy.ch\/en\/wp-json\/wp\/v2\/product_cat?post=16503"},{"taxonomy":"product_tag","embeddable":true,"href":"https:\/\/mercia-academy.ch\/en\/wp-json\/wp\/v2\/product_tag?post=16503"}],"curies":[{"name":"wp","href":"https:\/\/api.w.org\/{rel}","templated":true}]}}