{"id":15250,"date":"2021-12-22T19:57:56","date_gmt":"2021-12-22T18:57:56","guid":{"rendered":"https:\/\/mercia-academy.ch\/product\/ciencias-energeticas-modulo-1-con-marien-martinez-inicio-el-16-de-enero-de-2022\/"},"modified":"2022-05-22T21:28:45","modified_gmt":"2022-05-22T20:28:45","slug":"ciencias-energeticas-modulo-1-con-marien-martinez-inicio-el-16-de-enero-de-2022","status":"publish","type":"product","link":"https:\/\/mercia-academy.ch\/en\/product\/ciencias-energeticas-modulo-1-con-marien-martinez-inicio-el-16-de-enero-de-2022\/","title":{"rendered":"CIENCIAS ENERG\u00c9TICAS M\u00f3dulo 1 con Mari\u00e9n Mart\u00ednez. Inicio el 16 de enero de 2022"},"content":{"rendered":"","protected":false},"excerpt":{"rendered":"","protected":false},"featured_media":0,"template":"","meta":[],"product_brand":[],"product_cat":[75],"product_tag":[],"class_list":{"0":"post-15250","1":"product","2":"type-product","3":"status-publish","5":"product_cat-uncategorized","7":"first","8":"instock","9":"virtual","10":"sold-individually","11":"taxable","12":"purchasable","13":"product-type-simple"},"_links":{"self":[{"href":"https:\/\/mercia-academy.ch\/en\/wp-json\/wp\/v2\/product\/15250","targetHints":{"allow":["GET"]}}],"collection":[{"href":"https:\/\/mercia-academy.ch\/en\/wp-json\/wp\/v2\/product"}],"about":[{"href":"https:\/\/mercia-academy.ch\/en\/wp-json\/wp\/v2\/types\/product"}],"wp:attachment":[{"href":"https:\/\/mercia-academy.ch\/en\/wp-json\/wp\/v2\/media?parent=15250"}],"wp:term":[{"taxonomy":"product_brand","embeddable":true,"href":"https:\/\/mercia-academy.ch\/en\/wp-json\/wp\/v2\/product_brand?post=15250"},{"taxonomy":"product_cat","embeddable":true,"href":"https:\/\/mercia-academy.ch\/en\/wp-json\/wp\/v2\/product_cat?post=15250"},{"taxonomy":"product_tag","embeddable":true,"href":"https:\/\/mercia-academy.ch\/en\/wp-json\/wp\/v2\/product_tag?post=15250"}],"curies":[{"name":"wp","href":"https:\/\/api.w.org\/{rel}","templated":true}]}}