{"id":12603,"date":"2021-06-16T19:55:14","date_gmt":"2021-06-16T17:55:14","guid":{"rendered":"https:\/\/mercia-academy.ch\/product\/ciencias-energeticas-con-marien-martinez-modulo-2-domingos\/"},"modified":"2021-06-16T20:10:52","modified_gmt":"2021-06-16T18:10:52","slug":"ciencias-energeticas-con-marien-martinez-modulo-2-domingos","status":"publish","type":"product","link":"https:\/\/mercia-academy.ch\/en\/product\/ciencias-energeticas-con-marien-martinez-modulo-2-domingos\/","title":{"rendered":"CIENCIAS ENERG\u00c9TICAS CON MARI\u00c9N MART\u00cdNEZ &#8211; M\u00d6DULO 2 &#8211; DOMINGOS"},"content":{"rendered":"","protected":false},"excerpt":{"rendered":"","protected":false},"featured_media":0,"template":"","meta":[],"product_brand":[],"product_cat":[75],"product_tag":[],"class_list":{"0":"post-12603","1":"product","2":"type-product","3":"status-publish","5":"product_cat-uncategorized","7":"first","8":"instock","9":"virtual","10":"taxable","11":"purchasable","12":"product-type-simple"},"_links":{"self":[{"href":"https:\/\/mercia-academy.ch\/en\/wp-json\/wp\/v2\/product\/12603","targetHints":{"allow":["GET"]}}],"collection":[{"href":"https:\/\/mercia-academy.ch\/en\/wp-json\/wp\/v2\/product"}],"about":[{"href":"https:\/\/mercia-academy.ch\/en\/wp-json\/wp\/v2\/types\/product"}],"wp:attachment":[{"href":"https:\/\/mercia-academy.ch\/en\/wp-json\/wp\/v2\/media?parent=12603"}],"wp:term":[{"taxonomy":"product_brand","embeddable":true,"href":"https:\/\/mercia-academy.ch\/en\/wp-json\/wp\/v2\/product_brand?post=12603"},{"taxonomy":"product_cat","embeddable":true,"href":"https:\/\/mercia-academy.ch\/en\/wp-json\/wp\/v2\/product_cat?post=12603"},{"taxonomy":"product_tag","embeddable":true,"href":"https:\/\/mercia-academy.ch\/en\/wp-json\/wp\/v2\/product_tag?post=12603"}],"curies":[{"name":"wp","href":"https:\/\/api.w.org\/{rel}","templated":true}]}}